{"id":66,"date":"2024-08-01T13:17:35","date_gmt":"2024-08-01T13:17:35","guid":{"rendered":"https:\/\/eibl.be\/?page_id=66"},"modified":"2025-03-18T18:42:29","modified_gmt":"2025-03-18T18:42:29","slug":"startseite","status":"publish","type":"page","link":"https:\/\/eibl.be\/","title":{"rendered":"Startseite"},"content":{"rendered":"\t\t<div data-elementor-type=\"wp-page\" data-elementor-id=\"66\" class=\"elementor elementor-66\">\n\t\t\t\t<div class=\"elementor-element elementor-element-1b6a41d e-con-full e-flex e-con e-parent\" data-id=\"1b6a41d\" data-element_type=\"container\" data-e-type=\"container\" data-settings=\"{&quot;background_background&quot;:&quot;classic&quot;,&quot;shape_divider_top&quot;:&quot;opacity-tilt&quot;}\">\n\t\t\t\t<div class=\"elementor-shape elementor-shape-top\" aria-hidden=\"true\" data-negative=\"false\">\n\t\t\t<svg xmlns=\"http:\/\/www.w3.org\/2000\/svg\" viewBox=\"0 0 2600 131.1\" preserveAspectRatio=\"none\">\n\t<path class=\"elementor-shape-fill\" d=\"M0 0L2600 0 2600 69.1 0 0z\"\/>\n\t<path class=\"elementor-shape-fill\" style=\"opacity:0.5\" d=\"M0 0L2600 0 2600 69.1 0 69.1z\"\/>\n\t<path class=\"elementor-shape-fill\" style=\"opacity:0.25\" d=\"M2600 0L0 0 0 130.1 2600 69.1z\"\/>\n<\/svg>\t\t<\/div>\n\t\t\t\t<div class=\"elementor-element elementor-element-fe8f5e5 elementor-widget elementor-widget-heading\" data-id=\"fe8f5e5\" data-element_type=\"widget\" data-e-type=\"widget\" data-widget_type=\"heading.default\">\n\t\t\t\t<div class=\"elementor-widget-container\">\n\t\t\t\t\t<h1 class=\"elementor-heading-title elementor-size-default\">EIBL GmbH<\/h1>\t\t\t\t<\/div>\n\t\t\t\t<\/div>\n\t\t\t\t<div class=\"elementor-element elementor-element-8425d57 elementor-widget elementor-widget-text-editor\" data-id=\"8425d57\" data-element_type=\"widget\" data-e-type=\"widget\" data-widget_type=\"text-editor.default\">\n\t\t\t\t<div class=\"elementor-widget-container\">\n\t\t\t\t\t\t\t\t\t<p>Anfertigung und Instandsetzung industrieller Maschinen.<\/p><p>Verkauf von Industriekomponenten und Ersatzteilen.<\/p>\t\t\t\t\t\t\t\t<\/div>\n\t\t\t\t<\/div>\n\t\t\t\t<\/div>\n\t\t<div class=\"elementor-element elementor-element-dc59758 e-flex e-con-boxed e-con e-parent\" data-id=\"dc59758\" data-element_type=\"container\" data-e-type=\"container\">\n\t\t\t\t\t<div class=\"e-con-inner\">\n\t\t\t\t<div class=\"elementor-element elementor-element-1087151 elementor-widget elementor-widget-heading\" data-id=\"1087151\" data-element_type=\"widget\" data-e-type=\"widget\" data-widget_type=\"heading.default\">\n\t\t\t\t<div class=\"elementor-widget-container\">\n\t\t\t\t\t<h3 class=\"elementor-heading-title elementor-size-default\">Ihr Partner f\u00fcr Industriemechanik und Ersatzteilverkauf \u2013 zuverl\u00e4ssig und unkompliziert<\/h3>\t\t\t\t<\/div>\n\t\t\t\t<\/div>\n\t\t\t\t<div class=\"elementor-element elementor-element-0b3e62c elementor-widget elementor-widget-text-editor\" data-id=\"0b3e62c\" data-element_type=\"widget\" data-e-type=\"widget\" data-widget_type=\"text-editor.default\">\n\t\t\t\t<div class=\"elementor-widget-container\">\n\t\t\t\t\t\t\t\t\t<p class=\"first:mt-1.5\">Sie wissen genau, was Ihre Industrieanlage braucht: Qualit\u00e4t, Verl\u00e4sslichkeit und schnelle L\u00f6sungen.<\/p><p class=\"first:mt-1.5\">Einen Partner, der nicht nur liefert, sondern auch versteht, worauf es ankommt? Der Ihre Anforderungen ernst nimmt und Sie mit passgenauen L\u00f6sungen unterst\u00fctzt?<\/p><p class=\"first:mt-1.5\"><strong>Dann sind Sie hier genau richtig.<\/strong><\/p>\t\t\t\t\t\t\t\t<\/div>\n\t\t\t\t<\/div>\n\t\t\t\t<div class=\"elementor-element elementor-element-0515335 elementor-widget elementor-widget-text-editor\" data-id=\"0515335\" data-element_type=\"widget\" data-e-type=\"widget\" data-widget_type=\"text-editor.default\">\n\t\t\t\t<div class=\"elementor-widget-container\">\n\t\t\t\t\t\t\t\t\t<p>Wir haben eine gro\u00dfe Auswahl an Industriekomponenten auf Lager und k\u00f6nnen diese schnell liefern \u2013 oder bei Bedarf direkt bei Ihnen einbauen. Auch Sonderanfertigungen setzen wir termingerecht und unkompliziert um.<\/p><p>In unserer voll ausgestatteten Werkstatt k\u00fcmmern wir uns um alles, was Ihre Anlage braucht:\u00a0<\/p><ul><li>Ma\u00dfanfertigung von Industrieanlagen, Sondermaschinen- und Stahlbau<\/li><li>Schwei\u00df-, Dreh-, und Fr\u00e4sarbeiten<\/li><li>Sandstrahlen und Lackieren<\/li><\/ul><p class=\"first:mt-1.5\"><strong>Wir packen an, damit Ihre Anlage l\u00e4uft.<\/strong> Sprechen Sie uns einfach an \u2013 wir finden eine L\u00f6sung!<\/p>\t\t\t\t\t\t\t\t<\/div>\n\t\t\t\t<\/div>\n\t\t\t\t<div class=\"elementor-element elementor-element-9c9ebde elementor-widget elementor-widget-spacer\" data-id=\"9c9ebde\" data-element_type=\"widget\" data-e-type=\"widget\" data-widget_type=\"spacer.default\">\n\t\t\t\t<div class=\"elementor-widget-container\">\n\t\t\t\t\t\t\t<div class=\"elementor-spacer\">\n\t\t\t<div class=\"elementor-spacer-inner\"><\/div>\n\t\t<\/div>\n\t\t\t\t\t\t<\/div>\n\t\t\t\t<\/div>\n\t\t<div class=\"elementor-element elementor-element-b099179 e-con-full e-flex e-con e-child\" data-id=\"b099179\" data-element_type=\"container\" data-e-type=\"container\" data-settings=\"{&quot;background_background&quot;:&quot;classic&quot;}\">\n\t\t\t\t<div class=\"elementor-element elementor-element-d359ece elementor-widget elementor-widget-heading\" data-id=\"d359ece\" data-element_type=\"widget\" data-e-type=\"widget\" data-widget_type=\"heading.default\">\n\t\t\t\t<div class=\"elementor-widget-container\">\n\t\t\t\t\t<h4 class=\"elementor-heading-title elementor-size-default\">Ob Modifikation, Wartung oder Reparatur \u2013 wir sind f\u00fcr Sie da!<\/h4>\t\t\t\t<\/div>\n\t\t\t\t<\/div>\n\t\t\t\t<div class=\"elementor-element elementor-element-5918433 elementor-widget elementor-widget-text-editor\" data-id=\"5918433\" data-element_type=\"widget\" data-e-type=\"widget\" data-widget_type=\"text-editor.default\">\n\t\t\t\t<div class=\"elementor-widget-container\">\n\t\t\t\t\t\t\t\t\t<p class=\"first:mt-1.5\">Ben\u00f6tigen Sie eine Anpassung, steht eine Wartung an, oder gibt es bereits einen Defekt? Z\u00f6gern Sie nicht, uns zu kontaktieren \u2013 wir finden die passende L\u00f6sung f\u00fcr Sie.<\/p><p class=\"first:mt-1.5\">Mit unserem umfangreichen Lagerbestand an Industriekomponenten k\u00f6nnen wir schnell reagieren. Egal, ob Sie Ersatzteile kaufen m\u00f6chten oder Unterst\u00fctzung bei der Installation brauchen \u2013 wir liefern zuverl\u00e4ssig und termingerecht.<\/p><p class=\"first:mt-1.5\"><strong>Sprechen Sie uns an \u2013 wir helfen Ihnen gerne weiter!<\/strong><\/p>\t\t\t\t\t\t\t\t<\/div>\n\t\t\t\t<\/div>\n\t\t\t\t<div class=\"elementor-element elementor-element-b495a8c elementor-widget__width-auto elementor-align-center elementor-widget elementor-widget-button\" data-id=\"b495a8c\" data-element_type=\"widget\" data-e-type=\"widget\" data-widget_type=\"button.default\">\n\t\t\t\t<div class=\"elementor-widget-container\">\n\t\t\t\t\t\t\t\t\t<div class=\"elementor-button-wrapper\">\n\t\t\t\t\t<a class=\"elementor-button elementor-button-link elementor-size-sm\" href=\"https:\/\/eibl.be\/?page_id=377\">\n\t\t\t\t\t\t<span class=\"elementor-button-content-wrapper\">\n\t\t\t\t\t\t\t\t\t<span class=\"elementor-button-text\">Kontaktieren Sie uns hier<\/span>\n\t\t\t\t\t<\/span>\n\t\t\t\t\t<\/a>\n\t\t\t\t<\/div>\n\t\t\t\t\t\t\t\t<\/div>\n\t\t\t\t<\/div>\n\t\t\t\t<\/div>\n\t\t\t\t<div class=\"elementor-element elementor-element-ec08fe1 elementor-widget elementor-widget-spacer\" data-id=\"ec08fe1\" data-element_type=\"widget\" data-e-type=\"widget\" data-widget_type=\"spacer.default\">\n\t\t\t\t<div class=\"elementor-widget-container\">\n\t\t\t\t\t\t\t<div class=\"elementor-spacer\">\n\t\t\t<div class=\"elementor-spacer-inner\"><\/div>\n\t\t<\/div>\n\t\t\t\t\t\t<\/div>\n\t\t\t\t<\/div>\n\t\t\t\t<div class=\"elementor-element elementor-element-6db4414 elementor-widget elementor-widget-heading\" data-id=\"6db4414\" data-element_type=\"widget\" data-e-type=\"widget\" data-widget_type=\"heading.default\">\n\t\t\t\t<div class=\"elementor-widget-container\">\n\t\t\t\t\t<h4 class=\"elementor-heading-title elementor-size-default\">Unser Rundumservice \u2013 alles aus einer Hand<\/h4>\t\t\t\t<\/div>\n\t\t\t\t<\/div>\n\t\t\t\t<div class=\"elementor-element elementor-element-573bddd elementor-widget elementor-widget-text-editor\" data-id=\"573bddd\" data-element_type=\"widget\" data-e-type=\"widget\" data-widget_type=\"text-editor.default\">\n\t\t\t\t<div class=\"elementor-widget-container\">\n\t\t\t\t\t\t\t\t\t<p class=\"first:mt-1.5\">Bei uns erhalten Sie einen Komplettservice, der keine W\u00fcnsche offenl\u00e4sst:<\/p><ol><li><strong>Demontage<\/strong> Ihrer Anlage oder Bauteile<\/li><li><strong>Reparatur, Revision oder Neuanfertigung<\/strong> nach h\u00f6chsten Standards<\/li><li><strong>Re-Montage<\/strong> und <strong>Funktionspr\u00fcfung<\/strong> vor Ort<\/li><li><strong>Einstellung und Feinjustierung<\/strong> f\u00fcr einen reibungslosen Betrieb<\/li><\/ol><p>Mit uns l\u00e4uft Ihre Anlage wieder wie am ersten Tag.<\/p>\t\t\t\t\t\t\t\t<\/div>\n\t\t\t\t<\/div>\n\t\t\t\t<div class=\"elementor-element elementor-element-069f379 elementor-widget elementor-widget-text-editor\" data-id=\"069f379\" data-element_type=\"widget\" data-e-type=\"widget\" data-widget_type=\"text-editor.default\">\n\t\t\t\t<div class=\"elementor-widget-container\">\n\t\t\t\t\t\t\t\t\t<p>Unser Arbeitsangebot umfasst alle Modifikationen an Industrieanlagen:<\/p><ul><li><strong>Komplettbau<\/strong> von Industrieanlagen<\/li><li><strong>Umbau, Revision und Restaurierung<\/strong> bestehender Anlagen<\/li><li><strong>Herstellung, Pr\u00fcfung und Wartung<\/strong> von Hydraulikzylindern und -schl\u00e4uchen<\/li><li><strong>Revision und Einstellung<\/strong> von Industrieanlagen<\/li><\/ul><p>Zus\u00e4tzlich erhalten Sie bei uns <strong>Ersatz- und Einzelteile<\/strong> wie Lager, Ketten, Riemen, Scheiben, Spanns\u00e4tze und Schl\u00e4uche.<\/p><p><strong>Schnell und flexibel:<\/strong> Die meisten Ersatzteile sind innerhalb eines Werktages verf\u00fcgbar. Bei Bedarf fertigen wir Ersatzteile selbst an und \u00fcbernehmen die Montage direkt vor Ort.<\/p>\t\t\t\t\t\t\t\t<\/div>\n\t\t\t\t<\/div>\n\t\t<div class=\"elementor-element elementor-element-3d65e46 e-con-full e-flex e-con e-child\" data-id=\"3d65e46\" data-element_type=\"container\" data-e-type=\"container\">\n\t\t\t\t<div class=\"elementor-element elementor-element-a50195a elementor-widget__width-auto elementor-align-center elementor-widget elementor-widget-button\" data-id=\"a50195a\" data-element_type=\"widget\" data-e-type=\"widget\" data-widget_type=\"button.default\">\n\t\t\t\t<div class=\"elementor-widget-container\">\n\t\t\t\t\t\t\t\t\t<div class=\"elementor-button-wrapper\">\n\t\t\t\t\t<a class=\"elementor-button elementor-button-link elementor-size-sm\" href=\"https:\/\/eibl.be\/?page_id=1309\">\n\t\t\t\t\t\t<span class=\"elementor-button-content-wrapper\">\n\t\t\t\t\t\t\t\t\t<span class=\"elementor-button-text\">Weitere Infos zum Warenverkauf<\/span>\n\t\t\t\t\t<\/span>\n\t\t\t\t\t<\/a>\n\t\t\t\t<\/div>\n\t\t\t\t\t\t\t\t<\/div>\n\t\t\t\t<\/div>\n\t\t\t\t<div class=\"elementor-element elementor-element-cfae2ff elementor-widget__width-auto elementor-align-center elementor-widget elementor-widget-button\" data-id=\"cfae2ff\" data-element_type=\"widget\" data-e-type=\"widget\" data-widget_type=\"button.default\">\n\t\t\t\t<div class=\"elementor-widget-container\">\n\t\t\t\t\t\t\t\t\t<div class=\"elementor-button-wrapper\">\n\t\t\t\t\t<a class=\"elementor-button elementor-button-link elementor-size-sm\" href=\"https:\/\/eibl.be\/?page_id=365\">\n\t\t\t\t\t\t<span class=\"elementor-button-content-wrapper\">\n\t\t\t\t\t\t\t\t\t<span class=\"elementor-button-text\">Weitere Infos zu unseren Dienstleistungen<\/span>\n\t\t\t\t\t<\/span>\n\t\t\t\t\t<\/a>\n\t\t\t\t<\/div>\n\t\t\t\t\t\t\t\t<\/div>\n\t\t\t\t<\/div>\n\t\t\t\t<\/div>\n\t\t\t\t<div class=\"elementor-element elementor-element-673ebf3 elementor-widget elementor-widget-spacer\" data-id=\"673ebf3\" data-element_type=\"widget\" data-e-type=\"widget\" data-widget_type=\"spacer.default\">\n\t\t\t\t<div class=\"elementor-widget-container\">\n\t\t\t\t\t\t\t<div class=\"elementor-spacer\">\n\t\t\t<div class=\"elementor-spacer-inner\"><\/div>\n\t\t<\/div>\n\t\t\t\t\t\t<\/div>\n\t\t\t\t<\/div>\n\t\t\t\t\t<\/div>\n\t\t\t\t<\/div>\n\t\t<div class=\"elementor-element elementor-element-90cc08e e-flex e-con-boxed e-con e-parent\" data-id=\"90cc08e\" data-element_type=\"container\" data-e-type=\"container\">\n\t\t\t\t\t<div class=\"e-con-inner\">\n\t\t<div class=\"elementor-element elementor-element-045a9be e-con-full e-flex e-con e-child\" data-id=\"045a9be\" data-element_type=\"container\" data-e-type=\"container\">\n\t\t\t\t<div class=\"elementor-element elementor-element-94de967 elementor-widget elementor-widget-spacer\" data-id=\"94de967\" data-element_type=\"widget\" data-e-type=\"widget\" data-widget_type=\"spacer.default\">\n\t\t\t\t<div class=\"elementor-widget-container\">\n\t\t\t\t\t\t\t<div class=\"elementor-spacer\">\n\t\t\t<div class=\"elementor-spacer-inner\"><\/div>\n\t\t<\/div>\n\t\t\t\t\t\t<\/div>\n\t\t\t\t<\/div>\n\t\t\t\t<div class=\"elementor-element elementor-element-7c28e14 elementor-widget elementor-widget-heading\" data-id=\"7c28e14\" data-element_type=\"widget\" data-e-type=\"widget\" data-widget_type=\"heading.default\">\n\t\t\t\t<div class=\"elementor-widget-container\">\n\t\t\t\t\t<h2 class=\"elementor-heading-title elementor-size-default\">Bildergalerie<\/h2>\t\t\t\t<\/div>\n\t\t\t\t<\/div>\n\t\t\t\t<\/div>\n\t\t<div class=\"elementor-element elementor-element-fa779e5 e-flex e-con-boxed e-con e-child\" data-id=\"fa779e5\" data-element_type=\"container\" data-e-type=\"container\">\n\t\t\t\t\t<div class=\"e-con-inner\">\n\t\t<div class=\"elementor-element elementor-element-9af224f e-con-full e-flex e-con e-child\" data-id=\"9af224f\" data-element_type=\"container\" data-e-type=\"container\" data-settings=\"{&quot;background_background&quot;:&quot;classic&quot;}\">\n\t\t\t\t<div class=\"elementor-element elementor-element-b8eed5b elementor-widget elementor-widget-heading\" data-id=\"b8eed5b\" data-element_type=\"widget\" data-e-type=\"widget\" data-widget_type=\"heading.default\">\n\t\t\t\t<div class=\"elementor-widget-container\">\n\t\t\t\t\t<h4 class=\"elementor-heading-title elementor-size-default\">Industrieanlagen anpassen und erneuern<\/h4>\t\t\t\t<\/div>\n\t\t\t\t<\/div>\n\t\t\t\t<\/div>\n\t\t<div class=\"elementor-element elementor-element-4e734e7 e-con-full e-flex e-con e-child\" data-id=\"4e734e7\" data-element_type=\"container\" data-e-type=\"container\" data-settings=\"{&quot;background_background&quot;:&quot;classic&quot;}\">\n\t\t\t\t<div class=\"elementor-element elementor-element-431ecf1 elementor-widget elementor-widget-heading\" data-id=\"431ecf1\" data-element_type=\"widget\" data-e-type=\"widget\" data-widget_type=\"heading.default\">\n\t\t\t\t<div class=\"elementor-widget-container\">\n\t\t\t\t\t<h4 class=\"elementor-heading-title elementor-size-default\">Stahlbau fertigen und montieren<\/h4>\t\t\t\t<\/div>\n\t\t\t\t<\/div>\n\t\t\t\t<\/div>\n\t\t\t\t\t<\/div>\n\t\t\t\t<\/div>\n\t\t<div class=\"elementor-element elementor-element-0f67bbf e-con-full e-flex e-con e-child\" data-id=\"0f67bbf\" data-element_type=\"container\" data-e-type=\"container\">\n\t\t<div class=\"elementor-element elementor-element-0513f84 e-con-full e-flex e-con e-child\" data-id=\"0513f84\" data-element_type=\"container\" data-e-type=\"container\" data-settings=\"{&quot;background_background&quot;:&quot;classic&quot;}\">\n\t\t\t\t<div class=\"elementor-element elementor-element-74bdf7d elementor-widget elementor-widget-heading\" data-id=\"74bdf7d\" data-element_type=\"widget\" data-e-type=\"widget\" data-widget_type=\"heading.default\">\n\t\t\t\t<div class=\"elementor-widget-container\">\n\t\t\t\t\t<h4 class=\"elementor-heading-title elementor-size-default\">Antriebsstation \u00fcberholen<\/h4>\t\t\t\t<\/div>\n\t\t\t\t<\/div>\n\t\t\t\t<\/div>\n\t\t<div class=\"elementor-element elementor-element-b9efd90 e-con-full e-flex e-con e-child\" data-id=\"b9efd90\" data-element_type=\"container\" data-e-type=\"container\" data-settings=\"{&quot;background_background&quot;:&quot;classic&quot;}\">\n\t\t\t\t<div class=\"elementor-element elementor-element-cc78e25 elementor-widget elementor-widget-heading\" data-id=\"cc78e25\" data-element_type=\"widget\" data-e-type=\"widget\" data-widget_type=\"heading.default\">\n\t\t\t\t<div class=\"elementor-widget-container\">\n\t\t\t\t\t<h4 class=\"elementor-heading-title elementor-size-default\">Zahnradreparatur<\/h4>\t\t\t\t<\/div>\n\t\t\t\t<\/div>\n\t\t\t\t<\/div>\n\t\t\t\t<\/div>\n\t\t<div class=\"elementor-element elementor-element-f9e4354 e-con-full e-flex e-con e-child\" data-id=\"f9e4354\" data-element_type=\"container\" data-e-type=\"container\">\n\t\t<div class=\"elementor-element elementor-element-18f6816 e-con-full e-flex e-con e-child\" data-id=\"18f6816\" data-element_type=\"container\" data-e-type=\"container\" data-settings=\"{&quot;background_background&quot;:&quot;classic&quot;}\">\n\t\t\t\t<div class=\"elementor-element elementor-element-d207c37 elementor-widget elementor-widget-heading\" data-id=\"d207c37\" data-element_type=\"widget\" data-e-type=\"widget\" data-widget_type=\"heading.default\">\n\t\t\t\t<div class=\"elementor-widget-container\">\n\t\t\t\t\t<h4 class=\"elementor-heading-title elementor-size-default\">Lager ersetzen<\/h4>\t\t\t\t<\/div>\n\t\t\t\t<\/div>\n\t\t\t\t<\/div>\n\t\t<div class=\"elementor-element elementor-element-f2f1b01 e-con-full e-flex e-con e-child\" data-id=\"f2f1b01\" data-element_type=\"container\" data-e-type=\"container\" data-settings=\"{&quot;background_background&quot;:&quot;classic&quot;}\">\n\t\t\t\t<div class=\"elementor-element elementor-element-817af8f elementor-widget elementor-widget-heading\" data-id=\"817af8f\" data-element_type=\"widget\" data-e-type=\"widget\" data-widget_type=\"heading.default\">\n\t\t\t\t<div class=\"elementor-widget-container\">\n\t\t\t\t\t<h4 class=\"elementor-heading-title elementor-size-default\">Getriebe aufarbeiten<\/h4>\t\t\t\t<\/div>\n\t\t\t\t<\/div>\n\t\t\t\t<\/div>\n\t\t\t\t<\/div>\n\t\t\t\t\t<\/div>\n\t\t\t\t<\/div>\n\t\t<div class=\"elementor-element elementor-element-c17f370 e-flex e-con-boxed e-con e-parent\" data-id=\"c17f370\" data-element_type=\"container\" data-e-type=\"container\">\n\t\t\t\t\t<div class=\"e-con-inner\">\n\t\t\t\t<div class=\"elementor-element elementor-element-7052826 elementor-widget elementor-widget-spacer\" data-id=\"7052826\" data-element_type=\"widget\" data-e-type=\"widget\" data-widget_type=\"spacer.default\">\n\t\t\t\t<div class=\"elementor-widget-container\">\n\t\t\t\t\t\t\t<div class=\"elementor-spacer\">\n\t\t\t<div class=\"elementor-spacer-inner\"><\/div>\n\t\t<\/div>\n\t\t\t\t\t\t<\/div>\n\t\t\t\t<\/div>\n\t\t\t\t<div class=\"elementor-element elementor-element-f66bbbe elementor-align-center elementor-widget elementor-widget-button\" data-id=\"f66bbbe\" data-element_type=\"widget\" data-e-type=\"widget\" data-widget_type=\"button.default\">\n\t\t\t\t<div class=\"elementor-widget-container\">\n\t\t\t\t\t\t\t\t\t<div class=\"elementor-button-wrapper\">\n\t\t\t\t\t<a class=\"elementor-button elementor-button-link elementor-size-sm\" href=\"#\">\n\t\t\t\t\t\t<span class=\"elementor-button-content-wrapper\">\n\t\t\t\t\t\t<span class=\"elementor-button-icon\">\n\t\t\t\t<svg aria-hidden=\"true\" class=\"e-font-icon-svg e-fas-angle-double-up\" viewBox=\"0 0 320 512\" xmlns=\"http:\/\/www.w3.org\/2000\/svg\"><path d=\"M177 255.7l136 136c9.4 9.4 9.4 24.6 0 33.9l-22.6 22.6c-9.4 9.4-24.6 9.4-33.9 0L160 351.9l-96.4 96.4c-9.4 9.4-24.6 9.4-33.9 0L7 425.7c-9.4-9.4-9.4-24.6 0-33.9l136-136c9.4-9.5 24.6-9.5 34-.1zm-34-192L7 199.7c-9.4 9.4-9.4 24.6 0 33.9l22.6 22.6c9.4 9.4 24.6 9.4 33.9 0l96.4-96.4 96.4 96.4c9.4 9.4 24.6 9.4 33.9 0l22.6-22.6c9.4-9.4 9.4-24.6 0-33.9l-136-136c-9.2-9.4-24.4-9.4-33.8 0z\"><\/path><\/svg>\t\t\t<\/span>\n\t\t\t\t\t\t\t\t\t<span class=\"elementor-button-text\">Zum Anfang<\/span>\n\t\t\t\t\t<\/span>\n\t\t\t\t\t<\/a>\n\t\t\t\t<\/div>\n\t\t\t\t\t\t\t\t<\/div>\n\t\t\t\t<\/div>\n\t\t\t\t\t<\/div>\n\t\t\t\t<\/div>\n\t\t<div class=\"elementor-element elementor-element-1e6a486 e-flex e-con-boxed e-con e-parent\" data-id=\"1e6a486\" data-element_type=\"container\" data-e-type=\"container\">\n\t\t\t\t\t<div class=\"e-con-inner\">\n\t\t\t\t<div class=\"elementor-element elementor-element-3b40fc7 elementor-widget elementor-widget-spacer\" data-id=\"3b40fc7\" data-element_type=\"widget\" data-e-type=\"widget\" data-widget_type=\"spacer.default\">\n\t\t\t\t<div class=\"elementor-widget-container\">\n\t\t\t\t\t\t\t<div class=\"elementor-spacer\">\n\t\t\t<div class=\"elementor-spacer-inner\"><\/div>\n\t\t<\/div>\n\t\t\t\t\t\t<\/div>\n\t\t\t\t<\/div>\n\t\t\t\t\t<\/div>\n\t\t\t\t<\/div>\n\t\t\t\t<\/div>\n\t\t","protected":false},"excerpt":{"rendered":"<p>EIBL GmbH Anfertigung und Instandsetzung industrieller Maschinen. Verkauf von Industriekomponenten und Ersatzteilen. Ihr Partner f\u00fcr Industriemechanik und Ersatzteilverkauf \u2013 zuverl\u00e4ssig und unkompliziert Sie wissen genau, was Ihre Industrieanlage braucht: Qualit\u00e4t, Verl\u00e4sslichkeit und schnelle L\u00f6sungen. Einen Partner, der nicht nur liefert, sondern auch versteht, worauf es ankommt? Der Ihre Anforderungen ernst nimmt und Sie mit passgenauen [&hellip;]<\/p>\n","protected":false},"author":2,"featured_media":0,"parent":0,"menu_order":0,"comment_status":"closed","ping_status":"closed","template":"elementor_header_footer","meta":{"pgc_sgb_lightbox_settings":"","footnotes":""},"class_list":["post-66","page","type-page","status-publish","hentry"],"aioseo_notices":[],"_links":{"self":[{"href":"https:\/\/eibl.be\/index.php?rest_route=\/wp\/v2\/pages\/66","targetHints":{"allow":["GET"]}}],"collection":[{"href":"https:\/\/eibl.be\/index.php?rest_route=\/wp\/v2\/pages"}],"about":[{"href":"https:\/\/eibl.be\/index.php?rest_route=\/wp\/v2\/types\/page"}],"author":[{"embeddable":true,"href":"https:\/\/eibl.be\/index.php?rest_route=\/wp\/v2\/users\/2"}],"replies":[{"embeddable":true,"href":"https:\/\/eibl.be\/index.php?rest_route=%2Fwp%2Fv2%2Fcomments&post=66"}],"version-history":[{"count":461,"href":"https:\/\/eibl.be\/index.php?rest_route=\/wp\/v2\/pages\/66\/revisions"}],"predecessor-version":[{"id":1592,"href":"https:\/\/eibl.be\/index.php?rest_route=\/wp\/v2\/pages\/66\/revisions\/1592"}],"wp:attachment":[{"href":"https:\/\/eibl.be\/index.php?rest_route=%2Fwp%2Fv2%2Fmedia&parent=66"}],"curies":[{"name":"wp","href":"https:\/\/api.w.org\/{rel}","templated":true}]}}