{"id":843,"date":"2024-08-06T09:28:43","date_gmt":"2024-08-06T09:28:43","guid":{"rendered":"https:\/\/eibl.be\/?page_id=843"},"modified":"2025-03-02T19:10:12","modified_gmt":"2025-03-02T19:10:12","slug":"impressum","status":"publish","type":"page","link":"https:\/\/eibl.be\/?page_id=843","title":{"rendered":"Impressum"},"content":{"rendered":"\t\t<div data-elementor-type=\"wp-page\" data-elementor-id=\"843\" class=\"elementor elementor-843\">\n\t\t\t\t<div class=\"elementor-element elementor-element-410cb51 e-con-full e-flex e-con e-parent\" data-id=\"410cb51\" data-element_type=\"container\" data-e-type=\"container\">\n\t\t\t\t<div class=\"elementor-element elementor-element-9c008d2 elementor-widget elementor-widget-heading\" data-id=\"9c008d2\" data-element_type=\"widget\" data-e-type=\"widget\" data-widget_type=\"heading.default\">\n\t\t\t\t<div class=\"elementor-widget-container\">\n\t\t\t\t\t<h2 class=\"elementor-heading-title elementor-size-default\">Impressum<\/h2>\t\t\t\t<\/div>\n\t\t\t\t<\/div>\n\t\t<div class=\"elementor-element elementor-element-0633c4d e-flex e-con-boxed e-con e-child\" data-id=\"0633c4d\" data-element_type=\"container\" data-e-type=\"container\">\n\t\t\t\t\t<div class=\"e-con-inner\">\n\t\t\t\t<div class=\"elementor-element elementor-element-8863660 elementor-widget__width-initial elementor-widget elementor-widget-text-editor\" data-id=\"8863660\" data-element_type=\"widget\" data-e-type=\"widget\" data-widget_type=\"text-editor.default\">\n\t\t\t\t<div class=\"elementor-widget-container\">\n\t\t\t\t\t\t\t\t\t<div class=\"wpb_animate_when_almost_visible wpb_top-to-bottom top-to-bottom wpb_column vc_column_container vc_col-sm-6 text-align-none vc-column-404909 wpb_start_animation animated\" data-animation-delay=\"0\"><div class=\"vc_column-inner vc_custom_1575353387214\"><div class=\"wpb_wrapper\"><div class=\"wpb_text_column wpb_content_element \" data-animation-delay=\"0\"><div class=\"wpb_wrapper\"><p><strong>Verantwortlicher Herausgeber:<\/strong><\/p><\/div><\/div><\/div><\/div><\/div>\t\t\t\t\t\t\t\t<\/div>\n\t\t\t\t<\/div>\n\t\t\t\t<div class=\"elementor-element elementor-element-022e819 elementor-widget__width-inherit elementor-widget elementor-widget-text-editor\" data-id=\"022e819\" data-element_type=\"widget\" data-e-type=\"widget\" data-widget_type=\"text-editor.default\">\n\t\t\t\t<div class=\"elementor-widget-container\">\n\t\t\t\t\t\t\t\t\t<p>EIBL GmbH<br \/>B\u00fcllinger Stra\u00dfe 46a<br \/>B-4770 Amel \/ Mirfeld<\/p><p>Tel: +32 471 69 89 18<br \/>E-mail: info@eibl.be<\/p><p>MwSt.-ID: BE 0454 435 496<\/p>\t\t\t\t\t\t\t\t<\/div>\n\t\t\t\t<\/div>\n\t\t\t\t\t<\/div>\n\t\t\t\t<\/div>\n\t\t\t\t<\/div>\n\t\t<div class=\"elementor-element elementor-element-121f396 e-con-full e-flex e-con e-parent\" data-id=\"121f396\" data-element_type=\"container\" data-e-type=\"container\">\n\t\t<div class=\"elementor-element elementor-element-2240790 e-flex e-con-boxed e-con e-child\" data-id=\"2240790\" data-element_type=\"container\" data-e-type=\"container\">\n\t\t\t\t\t<div class=\"e-con-inner\">\n\t\t\t\t<div class=\"elementor-element elementor-element-5f8c939 elementor-widget__width-initial elementor-widget elementor-widget-text-editor\" data-id=\"5f8c939\" data-element_type=\"widget\" data-e-type=\"widget\" data-widget_type=\"text-editor.default\">\n\t\t\t\t<div class=\"elementor-widget-container\">\n\t\t\t\t\t\t\t\t\t<div class=\"wpb_animate_when_almost_visible wpb_top-to-bottom top-to-bottom wpb_column vc_column_container vc_col-sm-6 text-align-none vc-column-404909 wpb_start_animation animated\" data-animation-delay=\"0\"><div class=\"vc_column-inner vc_custom_1575353387214\"><div class=\"wpb_wrapper\"><div class=\"wpb_text_column wpb_content_element \" data-animation-delay=\"0\"><div class=\"wpb_wrapper\"><p><strong>Rechtlicher Hinweis:<\/strong><\/p><\/div><\/div><\/div><\/div><\/div>\t\t\t\t\t\t\t\t<\/div>\n\t\t\t\t<\/div>\n\t\t\t\t<div class=\"elementor-element elementor-element-5c666e4 elementor-widget__width-inherit elementor-widget elementor-widget-text-editor\" data-id=\"5c666e4\" data-element_type=\"widget\" data-e-type=\"widget\" data-widget_type=\"text-editor.default\">\n\t\t\t\t<div class=\"elementor-widget-container\">\n\t\t\t\t\t\t\t\t\t<p>Die Informationen auf dieser Website wurden mit gr\u00f6\u00dftm\u00f6glicher Sorgfalt zusammengestellt. Sie werden st\u00e4ndig gepr\u00fcft und aktualisiert. <br \/>F\u00fcr die Korrektheit, Aktualit\u00e4t und Vollst\u00e4ndigkeit der enthaltenen Informationen kann dennoch keine Haftung oder Garantie \u00fcbernommen werden. <br \/>Jegliche Haftung f\u00fcr Sch\u00e4den, die direkt oder indirekt aus Benutzung dieser Website entstehen, wird ausgeschlossen, sofern diese nicht auf Vorsatz oder grober Fahrl\u00e4ssigkeit beruhen. <br \/>Sofern von dieser Website per Hyperlink auf andere Internetseiten verwiesen wird, die von Dritten betrieben werden, \u00fcbernimmt die EIBL GmbH keine Verantwortung f\u00fcr die Inhalte.<\/p><p>Die EIBL GmbH beh\u00e4lt sich das Recht vor, jederzeit \u00c4nderungen und Erg\u00e4nzungen der bereitgestellten Informationen vorzunehmen.<\/p><p>Alle Rechte vorbehalten. Texte und Bilder sowie deren Anordnung auf der Website der EIBL GmbH unterliegen dem Schutz des Urheberrechts und anderen Schutzgesetzen. <br \/>Der Inhalt dieser Website darf nicht zu kommerziellen Zwecken kopiert, verbreitet, ver\u00e4ndert oder Dritten zug\u00e4nglich gemacht werden.<\/p>\t\t\t\t\t\t\t\t<\/div>\n\t\t\t\t<\/div>\n\t\t\t\t\t<\/div>\n\t\t\t\t<\/div>\n\t\t\t\t<\/div>\n\t\t<div class=\"elementor-element elementor-element-5bc4b1b e-flex e-con-boxed e-con e-parent\" data-id=\"5bc4b1b\" data-element_type=\"container\" data-e-type=\"container\">\n\t\t\t\t\t<div class=\"e-con-inner\">\n\t\t\t\t<div class=\"elementor-element elementor-element-187631f elementor-widget elementor-widget-spacer\" data-id=\"187631f\" data-element_type=\"widget\" data-e-type=\"widget\" data-widget_type=\"spacer.default\">\n\t\t\t\t<div class=\"elementor-widget-container\">\n\t\t\t\t\t\t\t<div class=\"elementor-spacer\">\n\t\t\t<div class=\"elementor-spacer-inner\"><\/div>\n\t\t<\/div>\n\t\t\t\t\t\t<\/div>\n\t\t\t\t<\/div>\n\t\t\t\t\t<\/div>\n\t\t\t\t<\/div>\n\t\t\t\t<\/div>\n\t\t","protected":false},"excerpt":{"rendered":"<p>Impressum Verantwortlicher Herausgeber: EIBL GmbHB\u00fcllinger Stra\u00dfe 46aB-4770 Amel \/ Mirfeld Tel: +32 471 69 89 18E-mail: info@eibl.be MwSt.-ID: BE 0454 435 496 Rechtlicher Hinweis: Die Informationen auf dieser Website wurden mit gr\u00f6\u00dftm\u00f6glicher Sorgfalt zusammengestellt. Sie werden st\u00e4ndig gepr\u00fcft und aktualisiert. F\u00fcr die Korrektheit, Aktualit\u00e4t und Vollst\u00e4ndigkeit der enthaltenen Informationen kann dennoch keine Haftung oder Garantie [&hellip;]<\/p>\n","protected":false},"author":2,"featured_media":0,"parent":0,"menu_order":0,"comment_status":"closed","ping_status":"closed","template":"elementor_header_footer","meta":{"pgc_sgb_lightbox_settings":"","footnotes":""},"class_list":["post-843","page","type-page","status-publish","hentry"],"aioseo_notices":[],"_links":{"self":[{"href":"https:\/\/eibl.be\/index.php?rest_route=\/wp\/v2\/pages\/843","targetHints":{"allow":["GET"]}}],"collection":[{"href":"https:\/\/eibl.be\/index.php?rest_route=\/wp\/v2\/pages"}],"about":[{"href":"https:\/\/eibl.be\/index.php?rest_route=\/wp\/v2\/types\/page"}],"author":[{"embeddable":true,"href":"https:\/\/eibl.be\/index.php?rest_route=\/wp\/v2\/users\/2"}],"replies":[{"embeddable":true,"href":"https:\/\/eibl.be\/index.php?rest_route=%2Fwp%2Fv2%2Fcomments&post=843"}],"version-history":[{"count":19,"href":"https:\/\/eibl.be\/index.php?rest_route=\/wp\/v2\/pages\/843\/revisions"}],"predecessor-version":[{"id":1409,"href":"https:\/\/eibl.be\/index.php?rest_route=\/wp\/v2\/pages\/843\/revisions\/1409"}],"wp:attachment":[{"href":"https:\/\/eibl.be\/index.php?rest_route=%2Fwp%2Fv2%2Fmedia&parent=843"}],"curies":[{"name":"wp","href":"https:\/\/api.w.org\/{rel}","templated":true}]}}